{"id":3931,"date":"2017-08-03T10:01:29","date_gmt":"2017-08-03T10:01:29","guid":{"rendered":"http:\/\/www.hotelcondedecardenas.com\/?page_id=3931"},"modified":"2017-11-02T11:03:09","modified_gmt":"2017-11-02T11:03:09","slug":"hotel","status":"publish","type":"page","link":"https:\/\/www.hotelcondedecardenas.com\/en\/hotel\/","title":{"rendered":"Hotel"},"content":{"rendered":"<div class=\"wpb-content-wrapper\"><p>[vc_row][vc_column][vc_empty_space height=&#8221;45px&#8221;]\n\t<div class=\"thim-sc-heading  \" >\n\t\t<div class=\"article_heading \">\n\t\t\t<p class=\"heading_primary\"  >WELCOME<\/p>\n\t\t\t<h3  class=\"heading_secondary\">HOTEL CONDE DE C\u00c1RDENAS<\/h3>\n\t\t\t \n\t\t\t\n\t\t<\/div>\n\t<\/div>[vc_empty_space height=&#8221;25px&#8221;][\/vc_column][\/vc_row][vc_row css=&#8221;.vc_custom_1476086385327{margin-bottom: 20px !important;}&#8221;][vc_column width=&#8221;1\/2&#8243;][vc_wp_text el_class=&#8221;line-height-normal&#8221;]Opened in October 2009 an completely new, the hotel is located in a typical Andalusian style building in a former stately house. The building is officially catalogued as &#8220;Cultural Heritage&#8221; by the Cultural Council of Andalusia and inscribed in the Special Protection City recognized by UNESCO as World Heritage.[\/vc_wp_text][\/vc_column][vc_column width=&#8221;1\/2&#8243;][vc_wp_text el_class=&#8221;line-height-normal&#8221;]Located in the heart of the cultural, financial and commercial center, 2 minutes from the Historical Center (Juder\u00eda, Cathedral Mosque, Alc\u00e1zar de los Reyes Cristianos, Royal Stables, Palace of Congresses, etc.)<\/p>\n<p>It combines the beauty of its hand painted floor tiles, import marbles of the highest quality, maintaining the original hydraulic flooring, with advances in new technologies for comfort and comfort.[\/vc_wp_text][\/vc_column][\/vc_row][vc_row full_width=&#8221;stretch_row&#8221; css=&#8221;.vc_custom_1475035464467{margin-right: -15px !important;margin-bottom: 65px !important;margin-left: -15px !important;}&#8221;][vc_column][vc_images_carousel images=&#8221;4018,4019,4026,4020,4021,4025,4022,4023,4027,4024&#8243; img_size=&#8221;full&#8221; onclick=&#8221;link_no&#8221; slides_per_view=&#8221;2&#8243; hide_pagination_control=&#8221;yes&#8221; wrap=&#8221;yes&#8221;][\/vc_column][\/vc_row][vc_row css=&#8221;.vc_custom_1475035597783{padding-top: 60px !important;}&#8221;][vc_column]\n\t<div class=\"thim-sc-heading  \" >\n\t\t<div class=\"article_heading \">\n\t\t\t<p class=\"heading_primary\"  >SERVICES<\/p>\n\t\t\t<h3  class=\"heading_secondary\">HOTEL CONDE DE C\u00c1RDENAS<\/h3>\n\t\t\t \n\t\t\t\n\t\t<\/div>\n\t<\/div>[vc_row_inner][vc_column_inner width=&#8221;1\/2&#8243;][vc_column_text]<\/p>\n<ul class=\"thim-list\" style=\"font-size: 20px; line-height: 27px; font-weight: 400;\">\n<li><i class=\"fa fa-check thim-primary-color\"><\/i>Wide Bed DUETMEMORY<\/li>\n<li><i class=\"fa fa-check thim-primary-color\"><\/i>Wifi<\/li>\n<li><i class=\"fa fa-check thim-primary-color\"><\/i>Air conditioner<\/li>\n<li><i class=\"fa fa-check thim-primary-color\"><\/i>Private WC and TV<\/li>\n<\/ul>\n<p>[\/vc_column_text][\/vc_column_inner][vc_column_inner width=&#8221;1\/2&#8243;][vc_column_text]<\/p>\n<ul class=\"thim-list\" style=\"font-size: 20px; line-height: 27px; font-weight: 400;\">\n<li><i class=\"fa fa-check thim-primary-color\"><\/i>Good location<\/li>\n<li><i class=\"fa fa-check thim-primary-color\"><\/i>Next to Juder\u00eda, Mezquita-Catedral, Ba\u00f1os \u00e1rabes, etc.<\/li>\n<li><i class=\"fa fa-check thim-primary-color\"><\/i>9,4 \/10 in Booking<\/li>\n<li><i class=\"fa fa-check thim-primary-color\"><\/i>4,5\/5 in Tripadvisor<\/li>\n<\/ul>\n<p>[\/vc_column_text][\/vc_column_inner][\/vc_row_inner][\/vc_column][\/vc_row][vc_row][vc_column][vc_masonry_media_grid element_width=&#8221;3&#8243; grid_id=&#8221;vc_gid:1509619998030-68b6ddd3-54f7-0&#8243; include=&#8221;4027,4019,4025,4024,4031,4022,3989,4018,4030,4020,4021,4026,4029,3984,3979,4032,3977,3982,3963,4023,3972,4028,3958,3685,4033&#8243;][\/vc_column][\/vc_row]<\/p>\n<\/div>","protected":false},"excerpt":{"rendered":"<p>[vc_row][vc_column][vc_empty_space height=&#8221;45px&#8221;][vc_empty_space height=&#8221;25px&#8221;][\/vc_column][\/vc_row][vc_row css=&#8221;.vc_custom_1476086385327{margin-bottom: 20px !important;}&#8221;][vc_column width=&#8221;1\/2&#8243;][vc_wp_text el_class=&#8221;line-height-normal&#8221;]Opened in October 2009 an completely new, the hotel is located in a typical Andalusian style building in a former stately house. The building is officially catalogued as &#8220;Cultural Heritage&#8221; by the Cultural Council of Andalusia and inscribed in the Special Protection City&#8230;<\/p>\n","protected":false},"author":3,"featured_media":0,"parent":0,"menu_order":0,"comment_status":"closed","ping_status":"closed","template":"","meta":{"footnotes":""},"class_list":["post-3931","page","type-page","status-publish","hentry"],"_links":{"self":[{"href":"https:\/\/www.hotelcondedecardenas.com\/en\/wp-json\/wp\/v2\/pages\/3931","targetHints":{"allow":["GET"]}}],"collection":[{"href":"https:\/\/www.hotelcondedecardenas.com\/en\/wp-json\/wp\/v2\/pages"}],"about":[{"href":"https:\/\/www.hotelcondedecardenas.com\/en\/wp-json\/wp\/v2\/types\/page"}],"author":[{"embeddable":true,"href":"https:\/\/www.hotelcondedecardenas.com\/en\/wp-json\/wp\/v2\/users\/3"}],"replies":[{"embeddable":true,"href":"https:\/\/www.hotelcondedecardenas.com\/en\/wp-json\/wp\/v2\/comments?post=3931"}],"version-history":[{"count":17,"href":"https:\/\/www.hotelcondedecardenas.com\/en\/wp-json\/wp\/v2\/pages\/3931\/revisions"}],"predecessor-version":[{"id":4125,"href":"https:\/\/www.hotelcondedecardenas.com\/en\/wp-json\/wp\/v2\/pages\/3931\/revisions\/4125"}],"wp:attachment":[{"href":"https:\/\/www.hotelcondedecardenas.com\/en\/wp-json\/wp\/v2\/media?parent=3931"}],"curies":[{"name":"wp","href":"https:\/\/api.w.org\/{rel}","templated":true}]}}