{"id":84,"date":"2016-09-30T10:03:02","date_gmt":"2016-09-30T03:03:02","guid":{"rendered":"http:\/\/hotelwp.thimpress.com\/hotelwp-2\/?page_id=84"},"modified":"2025-05-14T10:09:06","modified_gmt":"2025-05-14T10:09:06","slug":"contacto","status":"publish","type":"page","link":"https:\/\/www.hotelcondedecardenas.com\/de\/contacto\/","title":{"rendered":"Contact"},"content":{"rendered":"<div class=\"wpb-content-wrapper\"><p>[vc_row][vc_column][vc_empty_space height=&#8220;50px&#8220;][\/vc_column][\/vc_row][vc_row][vc_column width=&#8220;1\/2&#8243;]\n\t<div class=\"thim-sc-heading  \" >\n\t\t<div class=\"article_heading \">\n\t\t\t<p class=\"heading_primary\"  >ENVIAR<\/p>\n\t\t\t<h3  class=\"heading_secondary\">MENSAJE<\/h3>\n\t\t\t<div class=\"heading-des\">\u00bfTiene alguna consulta?<br \/>\nPor favor, no dude en contactar para transmitirnos su consulta a trav\u00e9s de nuestro formulario o mediante correo electr\u00f3nico o tel\u00e9fono.<\/div> \n\t\t\t\n\t\t<\/div>\n\t<\/div>[vc_empty_space height=&#8220;60px&#8220;][vc_column_text css=&#8220;.vc_custom_1502100676407{padding-top: 60px !important;padding-right: 60px !important;padding-bottom: 40px !important;padding-left: 60px !important;background-color: #f9f9f9 !important;}&#8220; el_class=&#8220;contact-column&#8220;]\n<div class=\"wpcf7 no-js\" id=\"wpcf7-f4-o1\" lang=\"en-US\" dir=\"ltr\" data-wpcf7-id=\"4\">\n<div class=\"screen-reader-response\"><p role=\"status\" aria-live=\"polite\" aria-atomic=\"true\"><\/p> <ul><\/ul><\/div>\n<form action=\"\/de\/wp-json\/wp\/v2\/pages\/84#wpcf7-f4-o1\" method=\"post\" class=\"wpcf7-form init\" aria-label=\"Contact form\" novalidate=\"novalidate\" data-status=\"init\">\n<fieldset class=\"hidden-fields-container\"><input type=\"hidden\" name=\"_wpcf7\" value=\"4\" \/><input type=\"hidden\" name=\"_wpcf7_version\" value=\"6.1.5\" \/><input type=\"hidden\" name=\"_wpcf7_locale\" value=\"en_US\" \/><input type=\"hidden\" name=\"_wpcf7_unit_tag\" value=\"wpcf7-f4-o1\" \/><input type=\"hidden\" name=\"_wpcf7_container_post\" value=\"0\" \/><input type=\"hidden\" name=\"_wpcf7_posted_data_hash\" value=\"\" \/><input type=\"hidden\" name=\"_wpcf7_recaptcha_response\" value=\"\" \/>\n<\/fieldset>\n<p><span class=\"wpcf7-form-control-wrap\" data-name=\"nombre\"><input size=\"40\" maxlength=\"400\" class=\"wpcf7-form-control wpcf7-text wpcf7-validates-as-required\" aria-required=\"true\" aria-invalid=\"false\" placeholder=\"Su nombre *\" value=\"\" type=\"text\" name=\"nombre\" \/><\/span>\n<\/p>\n<p><span class=\"wpcf7-form-control-wrap\" data-name=\"email\"><input size=\"40\" maxlength=\"400\" class=\"wpcf7-form-control wpcf7-email wpcf7-validates-as-required wpcf7-text wpcf7-validates-as-email\" aria-required=\"true\" aria-invalid=\"false\" placeholder=\"Su email *\" value=\"\" type=\"email\" name=\"email\" \/><\/span>\n<\/p>\n<p><span class=\"wpcf7-form-control-wrap\" data-name=\"telefono\"><input size=\"40\" maxlength=\"400\" class=\"wpcf7-form-control wpcf7-tel wpcf7-validates-as-required wpcf7-text wpcf7-validates-as-tel\" aria-required=\"true\" aria-invalid=\"false\" placeholder=\"Su tel\u00e9fono *\" value=\"\" type=\"tel\" name=\"telefono\" \/><\/span>\n<\/p>\n<p><span class=\"wpcf7-form-control-wrap\" data-name=\"mensaje\"><textarea cols=\"40\" rows=\"10\" maxlength=\"2000\" class=\"wpcf7-form-control wpcf7-textarea wpcf7-validates-as-required\" aria-required=\"true\" aria-invalid=\"false\" placeholder=\"Su mensaje *\" name=\"mensaje\"><\/textarea><\/span>\n<\/p>\n<p><input class=\"wpcf7-form-control wpcf7-submit has-spinner\" type=\"submit\" value=\"ENVIAR\" \/>\n<\/p><div class=\"wpcf7-response-output\" aria-hidden=\"true\"><\/div>\n<\/form>\n<\/div>\n[\/vc_column_text][\/vc_column][vc_column width=&#8220;1\/2&#8243; css=&#8220;.vc_custom_1475217786520{padding-left: 60px !important;}&#8220;][vc_empty_space height=&#8220;430px&#8220; el_class=&#8220;full-height&#8220;]\n\t<div class=\"thim-sc-heading  \" >\n\t\t<div class=\"article_heading \">\n\t\t\t<p class=\"heading_primary\"  >CONT\u00c1CTENOS<\/p>\n\t\t\t\n\t\t\t \n\t\t\t\n\t\t<\/div>\n\t<\/div>[vc_column_text]<\/p>\n<div class=\"contact-address\">C\/ Conde de C\u00e1rdenas, 9<br \/>\n14001 &#8211; C\u00f3rdoba<\/div>\n<div class=\"contact-phone\">Telf. <a href=\"tel:957940390\">957 94 03 90<\/a><\/div>\n<div class=\"contact-phone\">Email. <a href=\"mailto:hotelcondedecardenas@hotelcondecardenas.com\">hotelcondedecardenas@hotelcondedecardenas.com<\/a><\/div>\n<div style=\"margin-top:15px;\">Checkin Online <a href=\"https:\/\/wa.me\/637566009\">+34637566009<\/a><br \/>\n(ONLY WHATSAPP)<\/div>\n<p>[\/vc_column_text]<ul class=\"thim-sc-social-link style-03\" ><li><a target=\"_blank\" class=\"instagram\" href=\"#\"  title=\"Instagram\"><i class=\"fa fa-instagram\"><\/i><\/a><\/li><\/ul>[vc_empty_space][\/vc_column][\/vc_row][vc_row full_width=&#8220;stretch_row_content_no_spaces&#8220;][vc_column][vc_empty_space height=&#8220;65px&#8220;][vc_gmaps link=&#8220;#E-8_JTNDaWZyYW1lJTIwc3JjJTNEJTIyaHR0cHMlM0ElMkYlMkZ3d3cuZ29vZ2xlLmNvbSUyRm1hcHMlMkZlbWJlZCUzRnBiJTNEJTIxMW0xOCUyMTFtMTIlMjExbTMlMjExZDMxNDguOTg4NTI2NDcwNTEyJTIxMmQtNC43Nzk5NTE0ODUyMjgyNjQlMjEzZDM3Ljg4Mzk1MTAxMzY0NDU2JTIxMm0zJTIxMWYwJTIxMmYwJTIxM2YwJTIxM20yJTIxMWkxMDI0JTIxMmk3NjglMjE0ZjEzLjElMjEzbTMlMjExbTIlMjExczB4ZDZjZGY3ZDFiYWYwZTEzJTI1M0EweGI5YzhiMTM1MzVkZmU0MTglMjEyc0hvdGVsJTJCJTI1MjJDb25kZSUyQmRlJTJCQyUyNUMzJTI1QTFyZGVuYXMlMjUyMiUyQiUyQTJBJTJBMkElMjE1ZTAlMjEzbTIlMjExc2VzJTIxMnNlcyUyMTR2MTUwMTg0MjQ5NzA1OSUyMiUyMHdpZHRoJTNEJTIyNjAwJTIyJTIwaGVpZ2h0JTNEJTIyNDUwJTIyJTIwZnJhbWVib3JkZXIlM0QlMjIwJTIyJTIwc3R5bGUlM0QlMjJib3JkZXIlM0EwJTIyJTIwYWxsb3dmdWxsc2NyZWVuJTNFJTNDJTJGaWZyYW1lJTNF&#8220; size=&#8220;&#8220;][\/vc_column][\/vc_row]<\/p>\n<\/div>","protected":false},"excerpt":{"rendered":"<p>[vc_row][vc_column][vc_empty_space height=&#8220;50px&#8220;][\/vc_column][\/vc_row][vc_row][vc_column width=&#8220;1\/2&#8243;][vc_empty_space height=&#8220;60px&#8220;][vc_column_text css=&#8220;.vc_custom_1502100676407{padding-top: 60px !important;padding-right: 60px !important;padding-bottom: 40px !important;padding-left: 60px !important;background-color: #f9f9f9 !important;}&#8220; el_class=&#8220;contact-column&#8220;][\/vc_column_text][\/vc_column][vc_column width=&#8220;1\/2&#8243; css=&#8220;.vc_custom_1475217786520{padding-left: 60px !important;}&#8220;][vc_empty_space height=&#8220;430px&#8220; el_class=&#8220;full-height&#8220;][vc_column_text] C\/ Conde de C\u00e1rdenas, 9 14001 &#8211; C\u00f3rdoba Telf. 957 94 03 90 Email. hotelcondedecardenas@hotelcondedecardenas.com Checkin Online +34637566009 (ONLY WHATSAPP) [\/vc_column_text][vc_empty_space][\/vc_column][\/vc_row][vc_row full_width=&#8220;stretch_row_content_no_spaces&#8220;][vc_column][vc_empty_space height=&#8220;65px&#8220;][vc_gmaps link=&#8220;#E-8_JTNDaWZyYW1lJTIwc3JjJTNEJTIyaHR0cHMlM0ElMkYlMkZ3d3cuZ29vZ2xlLmNvbSUyRm1hcHMlMkZlbWJlZCUzRnBiJTNEJTIxMW0xOCUyMTFtMTIlMjExbTMlMjExZDMxNDguOTg4NTI2NDcwNTEyJTIxMmQtNC43Nzk5NTE0ODUyMjgyNjQlMjEzZDM3Ljg4Mzk1MTAxMzY0NDU2JTIxMm0zJTIxMWYwJTIxMmYwJTIxM2YwJTIxM20yJTIxMWkxMDI0JTIxMmk3NjglMjE0ZjEzLjElMjEzbTMlMjExbTIlMjExczB4ZDZjZGY3ZDFiYWYwZTEzJTI1M0EweGI5YzhiMTM1MzVkZmU0MTglMjEyc0hvdGVsJTJCJTI1MjJDb25kZSUyQmRlJTJCQyUyNUMzJTI1QTFyZGVuYXMlMjUyMiUyQiUyQTJBJTJBMkElMjE1ZTAlMjEzbTIlMjExc2VzJTIxMnNlcyUyMTR2MTUwMTg0MjQ5NzA1OSUyMiUyMHdpZHRoJTNEJTIyNjAwJTIyJTIwaGVpZ2h0JTNEJTIyNDUwJTIyJTIwZnJhbWVib3JkZXIlM0QlMjIwJTIyJTIwc3R5bGUlM0QlMjJib3JkZXIlM0EwJTIyJTIwYWxsb3dmdWxsc2NyZWVuJTNFJTNDJTJGaWZyYW1lJTNF&#8220; size=&#8220;&#8220;][\/vc_column][\/vc_row]<\/p>\n","protected":false},"author":3,"featured_media":0,"parent":0,"menu_order":0,"comment_status":"closed","ping_status":"closed","template":"","meta":{"footnotes":""},"class_list":["post-84","page","type-page","status-publish","hentry"],"_links":{"self":[{"href":"https:\/\/www.hotelcondedecardenas.com\/de\/wp-json\/wp\/v2\/pages\/84","targetHints":{"allow":["GET"]}}],"collection":[{"href":"https:\/\/www.hotelcondedecardenas.com\/de\/wp-json\/wp\/v2\/pages"}],"about":[{"href":"https:\/\/www.hotelcondedecardenas.com\/de\/wp-json\/wp\/v2\/types\/page"}],"author":[{"embeddable":true,"href":"https:\/\/www.hotelcondedecardenas.com\/de\/wp-json\/wp\/v2\/users\/3"}],"replies":[{"embeddable":true,"href":"https:\/\/www.hotelcondedecardenas.com\/de\/wp-json\/wp\/v2\/comments?post=84"}],"version-history":[{"count":20,"href":"https:\/\/www.hotelcondedecardenas.com\/de\/wp-json\/wp\/v2\/pages\/84\/revisions"}],"predecessor-version":[{"id":4237,"href":"https:\/\/www.hotelcondedecardenas.com\/de\/wp-json\/wp\/v2\/pages\/84\/revisions\/4237"}],"wp:attachment":[{"href":"https:\/\/www.hotelcondedecardenas.com\/de\/wp-json\/wp\/v2\/media?parent=84"}],"curies":[{"name":"wp","href":"https:\/\/api.w.org\/{rel}","templated":true}]}}