{"id":4009,"date":"2017-08-03T17:32:45","date_gmt":"2017-08-03T17:32:45","guid":{"rendered":"http:\/\/www.hotelcondedecardenas.com\/?page_id=4009"},"modified":"2017-10-31T09:35:23","modified_gmt":"2017-10-31T09:35:23","slug":"dona-begona","status":"publish","type":"page","link":"https:\/\/www.hotelcondedecardenas.com\/de\/habitaciones\/dona-begona\/","title":{"rendered":"Do\u00f1a Bego\u00f1a"},"content":{"rendered":"<div class=\"wpb-content-wrapper\"><p>[vc_row][vc_column][vc_gallery interval=&#8220;3&#8243; images=&#8220;3984,3985&#8243; img_size=&#8220;full&#8220;]\n\t<div class=\"thim-sc-heading  \" >\n\t\t<div class=\"article_heading \">\n\t\t\t<p class=\"heading_primary\"  >ZIMMER<\/p>\n\t\t\t<h3  class=\"heading_secondary\">DO\u00d1A BEGO\u00d1A<\/h3>\n\t\t\t \n\t\t\t\n\t\t<\/div>\n\t<\/div>[\/vc_column][\/vc_row][vc_row][vc_column width=&#8220;3\/4&#8243;][vc_column_text]Erf\u00fcllt mit eigener Pers\u00f6nlichkeit, zeight das Zimmer ein elegantes Zusammenspiel von nat\u00fcrlichen Motiven, von gr\u00fcnen und goldenen Bl\u00e4ttern; ein Zusammenspiel der Jahreszeiten, bei dem Fr\u00fchling und Herbst verschmelzen.[\/vc_column_text][\/vc_column][\/vc_row]<\/p>\n<\/div>","protected":false},"excerpt":{"rendered":"<p>[vc_row][vc_column][vc_gallery interval=&#8220;3&#8243; images=&#8220;3984,3985&#8243; img_size=&#8220;full&#8220;][\/vc_column][\/vc_row][vc_row][vc_column width=&#8220;3\/4&#8243;][vc_column_text]Erf\u00fcllt mit eigener Pers\u00f6nlichkeit, zeight das Zimmer ein elegantes Zusammenspiel von nat\u00fcrlichen Motiven, von gr\u00fcnen und goldenen Bl\u00e4ttern; ein Zusammenspiel der Jahreszeiten, bei dem Fr\u00fchling und Herbst verschmelzen.[\/vc_column_text][\/vc_column][\/vc_row]<\/p>\n","protected":false},"author":3,"featured_media":0,"parent":7,"menu_order":0,"comment_status":"closed","ping_status":"closed","template":"","meta":{"footnotes":""},"class_list":["post-4009","page","type-page","status-publish","hentry"],"_links":{"self":[{"href":"https:\/\/www.hotelcondedecardenas.com\/de\/wp-json\/wp\/v2\/pages\/4009","targetHints":{"allow":["GET"]}}],"collection":[{"href":"https:\/\/www.hotelcondedecardenas.com\/de\/wp-json\/wp\/v2\/pages"}],"about":[{"href":"https:\/\/www.hotelcondedecardenas.com\/de\/wp-json\/wp\/v2\/types\/page"}],"author":[{"embeddable":true,"href":"https:\/\/www.hotelcondedecardenas.com\/de\/wp-json\/wp\/v2\/users\/3"}],"replies":[{"embeddable":true,"href":"https:\/\/www.hotelcondedecardenas.com\/de\/wp-json\/wp\/v2\/comments?post=4009"}],"version-history":[{"count":4,"href":"https:\/\/www.hotelcondedecardenas.com\/de\/wp-json\/wp\/v2\/pages\/4009\/revisions"}],"predecessor-version":[{"id":4100,"href":"https:\/\/www.hotelcondedecardenas.com\/de\/wp-json\/wp\/v2\/pages\/4009\/revisions\/4100"}],"up":[{"embeddable":true,"href":"https:\/\/www.hotelcondedecardenas.com\/de\/wp-json\/wp\/v2\/pages\/7"}],"wp:attachment":[{"href":"https:\/\/www.hotelcondedecardenas.com\/de\/wp-json\/wp\/v2\/media?parent=4009"}],"curies":[{"name":"wp","href":"https:\/\/api.w.org\/{rel}","templated":true}]}}