{"id":4007,"date":"2017-08-03T17:29:45","date_gmt":"2017-08-03T17:29:45","guid":{"rendered":"http:\/\/www.hotelcondedecardenas.com\/?page_id=4007"},"modified":"2017-10-31T11:33:38","modified_gmt":"2017-10-31T11:33:38","slug":"dona-victoria","status":"publish","type":"page","link":"https:\/\/www.hotelcondedecardenas.com\/de\/habitaciones\/dona-victoria\/","title":{"rendered":"Do\u00f1a Victoria"},"content":{"rendered":"<div class=\"wpb-content-wrapper\"><p>[vc_row][vc_column][vc_gallery interval=&#8220;3&#8243; images=&#8220;3982,3983&#8243; img_size=&#8220;full&#8220;]\n\t<div class=\"thim-sc-heading  \" >\n\t\t<div class=\"article_heading \">\n\t\t\t<p class=\"heading_primary\"  >ZIMMER<\/p>\n\t\t\t<h3  class=\"heading_secondary\">DO\u00d1A VICTORIA<\/h3>\n\t\t\t \n\t\t\t\n\t\t<\/div>\n\t<\/div>[\/vc_column][\/vc_row][vc_row][vc_column width=&#8220;3\/4&#8243;][vc_column_text]Wir pr\u00e4sentieren dieses zimmer als einen kronjuwel, der auf glamour\u00f6se weise zauberhafte perlen mit goldfarbenen blumenmotiven verbindet. Zusammen mit eleganten und herrschaftlichen rott\u00f6nen ist dieses zimmer ideal f\u00fcr liebhaber des guten geschmacks.[\/vc_column_text][\/vc_column][\/vc_row]<\/p>\n<\/div>","protected":false},"excerpt":{"rendered":"<p>[vc_row][vc_column][vc_gallery interval=&#8220;3&#8243; images=&#8220;3982,3983&#8243; img_size=&#8220;full&#8220;][\/vc_column][\/vc_row][vc_row][vc_column width=&#8220;3\/4&#8243;][vc_column_text]Wir pr\u00e4sentieren dieses zimmer als einen kronjuwel, der auf glamour\u00f6se weise zauberhafte perlen mit goldfarbenen blumenmotiven verbindet. Zusammen mit eleganten und herrschaftlichen rott\u00f6nen ist dieses zimmer ideal f\u00fcr liebhaber des guten geschmacks.[\/vc_column_text][\/vc_column][\/vc_row]<\/p>\n","protected":false},"author":3,"featured_media":0,"parent":7,"menu_order":0,"comment_status":"closed","ping_status":"closed","template":"","meta":{"footnotes":""},"class_list":["post-4007","page","type-page","status-publish","hentry"],"_links":{"self":[{"href":"https:\/\/www.hotelcondedecardenas.com\/de\/wp-json\/wp\/v2\/pages\/4007","targetHints":{"allow":["GET"]}}],"collection":[{"href":"https:\/\/www.hotelcondedecardenas.com\/de\/wp-json\/wp\/v2\/pages"}],"about":[{"href":"https:\/\/www.hotelcondedecardenas.com\/de\/wp-json\/wp\/v2\/types\/page"}],"author":[{"embeddable":true,"href":"https:\/\/www.hotelcondedecardenas.com\/de\/wp-json\/wp\/v2\/users\/3"}],"replies":[{"embeddable":true,"href":"https:\/\/www.hotelcondedecardenas.com\/de\/wp-json\/wp\/v2\/comments?post=4007"}],"version-history":[{"count":2,"href":"https:\/\/www.hotelcondedecardenas.com\/de\/wp-json\/wp\/v2\/pages\/4007\/revisions"}],"predecessor-version":[{"id":4115,"href":"https:\/\/www.hotelcondedecardenas.com\/de\/wp-json\/wp\/v2\/pages\/4007\/revisions\/4115"}],"up":[{"embeddable":true,"href":"https:\/\/www.hotelcondedecardenas.com\/de\/wp-json\/wp\/v2\/pages\/7"}],"wp:attachment":[{"href":"https:\/\/www.hotelcondedecardenas.com\/de\/wp-json\/wp\/v2\/media?parent=4007"}],"curies":[{"name":"wp","href":"https:\/\/api.w.org\/{rel}","templated":true}]}}