{"id":3956,"date":"2017-08-03T12:12:53","date_gmt":"2017-08-03T12:12:53","guid":{"rendered":"http:\/\/www.hotelcondedecardenas.com\/?page_id=3956"},"modified":"2017-10-31T11:24:47","modified_gmt":"2017-10-31T11:24:47","slug":"dona-teresa","status":"publish","type":"page","link":"https:\/\/www.hotelcondedecardenas.com\/de\/habitaciones\/dona-teresa\/","title":{"rendered":"Do\u00f1a Teresa"},"content":{"rendered":"<div class=\"wpb-content-wrapper\"><p>[vc_row][vc_column][vc_single_image image=&#8220;3958&#8243; img_size=&#8220;full&#8220;]\n\t<div class=\"thim-sc-heading  \" >\n\t\t<div class=\"article_heading \">\n\t\t\t<p class=\"heading_primary\"  >ZIMMER<\/p>\n\t\t\t<h3  class=\"heading_secondary\">DO\u00d1A TERESA<\/h3>\n\t\t\t \n\t\t\t\n\t\t<\/div>\n\t<\/div>[\/vc_column][\/vc_row][vc_row][vc_column width=&#8220;3\/4&#8243;][vc_column_text]Schildpatt und goldt\u00f6ne in den malereien verleihen dem zimmer einen hauch von originalit\u00e4t und raffinesse, f\u00fcr die empfindsamkeit und angenehme erinnerungen pate standen.[\/vc_column_text][\/vc_column][\/vc_row]<\/p>\n<\/div>","protected":false},"excerpt":{"rendered":"<p>[vc_row][vc_column][vc_single_image image=&#8220;3958&#8243; img_size=&#8220;full&#8220;][\/vc_column][\/vc_row][vc_row][vc_column width=&#8220;3\/4&#8243;][vc_column_text]Schildpatt und goldt\u00f6ne in den malereien verleihen dem zimmer einen hauch von originalit\u00e4t und raffinesse, f\u00fcr die empfindsamkeit und angenehme erinnerungen pate standen.[\/vc_column_text][\/vc_column][\/vc_row]<\/p>\n","protected":false},"author":3,"featured_media":0,"parent":7,"menu_order":0,"comment_status":"closed","ping_status":"closed","template":"","meta":{"footnotes":""},"class_list":["post-3956","page","type-page","status-publish","hentry"],"_links":{"self":[{"href":"https:\/\/www.hotelcondedecardenas.com\/de\/wp-json\/wp\/v2\/pages\/3956","targetHints":{"allow":["GET"]}}],"collection":[{"href":"https:\/\/www.hotelcondedecardenas.com\/de\/wp-json\/wp\/v2\/pages"}],"about":[{"href":"https:\/\/www.hotelcondedecardenas.com\/de\/wp-json\/wp\/v2\/types\/page"}],"author":[{"embeddable":true,"href":"https:\/\/www.hotelcondedecardenas.com\/de\/wp-json\/wp\/v2\/users\/3"}],"replies":[{"embeddable":true,"href":"https:\/\/www.hotelcondedecardenas.com\/de\/wp-json\/wp\/v2\/comments?post=3956"}],"version-history":[{"count":3,"href":"https:\/\/www.hotelcondedecardenas.com\/de\/wp-json\/wp\/v2\/pages\/3956\/revisions"}],"predecessor-version":[{"id":4114,"href":"https:\/\/www.hotelcondedecardenas.com\/de\/wp-json\/wp\/v2\/pages\/3956\/revisions\/4114"}],"up":[{"embeddable":true,"href":"https:\/\/www.hotelcondedecardenas.com\/de\/wp-json\/wp\/v2\/pages\/7"}],"wp:attachment":[{"href":"https:\/\/www.hotelcondedecardenas.com\/de\/wp-json\/wp\/v2\/media?parent=3956"}],"curies":[{"name":"wp","href":"https:\/\/api.w.org\/{rel}","templated":true}]}}