{"id":3931,"date":"2017-08-03T10:01:29","date_gmt":"2017-08-03T10:01:29","guid":{"rendered":"http:\/\/www.hotelcondedecardenas.com\/?page_id=3931"},"modified":"2017-11-02T11:03:09","modified_gmt":"2017-11-02T11:03:09","slug":"hotel","status":"publish","type":"page","link":"https:\/\/www.hotelcondedecardenas.com\/de\/hotel\/","title":{"rendered":"Hotel"},"content":{"rendered":"<div class=\"wpb-content-wrapper\"><p>[vc_row][vc_column][vc_empty_space height=&#8220;45px&#8220;]\n\t<div class=\"thim-sc-heading  \" >\n\t\t<div class=\"article_heading \">\n\t\t\t<p class=\"heading_primary\"  >WILLKOMMEN<\/p>\n\t\t\t<h3  class=\"heading_secondary\">HOTEL CONDE DE C\u00c1RDENAS<\/h3>\n\t\t\t \n\t\t\t\n\t\t<\/div>\n\t<\/div>[vc_empty_space height=&#8220;25px&#8220;][\/vc_column][\/vc_row][vc_row css=&#8220;.vc_custom_1476086385327{margin-bottom: 20px !important;}&#8220;][vc_column width=&#8220;1\/2&#8243;][vc_wp_text el_class=&#8220;line-height-normal&#8220;]<span id=\"result_box\" class=\"\" lang=\"de\"><span class=\"\">Es wurde im Oktober 2009 er\u00f6ffnet und befindet sich im Herrenhaus eingerichtet, das vom Kulturministerium der Junta de Andaluc\u00eda als Kulturgut katalogisiert und in den Katalog des besonderen Schutzes der Stadt C\u00f3rdoba aufgenommen wurde, einer Stadt, die von der UNESCO als Weltkulturerbe anerkannt ist.<\/span><\/span>[\/vc_wp_text][\/vc_column][vc_column width=&#8220;1\/2&#8243;][vc_wp_text el_class=&#8220;line-height-normal&#8220;]Das Hotel liegt im kulturellen, finanziellen und kommerziellen Zentrum, 2 Minuten vom historischen Zentrum (J\u00fcdisches Viertel, Kathedrale Moschee, Alc\u00e1zar de los Reyes Cristianos, K\u00f6nigliche Stallungen, Palacio de Congresos, etc.)<\/p>\n<p>Es verbindet die Sch\u00f6nheit seiner handbemalten B\u00f6den, Marmors von h\u00f6chster Qualit\u00e4t, die Erhaltung des originalen hydraulischen Bodens, mit den Fortschritten der neuen Technologien f\u00fcr mehr Komfort und Komfort.[\/vc_wp_text][\/vc_column][\/vc_row][vc_row full_width=&#8220;stretch_row&#8220; css=&#8220;.vc_custom_1475035464467{margin-right: -15px !important;margin-bottom: 65px !important;margin-left: -15px !important;}&#8220;][vc_column][vc_images_carousel images=&#8220;4018,4019,4026,4020,4021,4025,4022,4023,4027,4024&#8243; img_size=&#8220;full&#8220; onclick=&#8220;link_no&#8220; slides_per_view=&#8220;2&#8243; hide_pagination_control=&#8220;yes&#8220; wrap=&#8220;yes&#8220;][\/vc_column][\/vc_row][vc_row css=&#8220;.vc_custom_1475035597783{padding-top: 60px !important;}&#8220;][vc_column]\n\t<div class=\"thim-sc-heading  \" >\n\t\t<div class=\"article_heading \">\n\t\t\t<p class=\"heading_primary\"  >Kundenservice<\/p>\n\t\t\t<h3  class=\"heading_secondary\">HOTEL CONDE DE C\u00c1RDENAS<\/h3>\n\t\t\t \n\t\t\t\n\t\t<\/div>\n\t<\/div>[vc_row_inner][vc_column_inner width=&#8220;1\/2&#8243;][vc_column_text]<\/p>\n<ul class=\"thim-list\" style=\"font-size: 20px; line-height: 27px; font-weight: 400;\">\n<li><i class=\"fa fa-check thim-primary-color\"><\/i>Grobes Bett DUETMEMORY<\/li>\n<li><i class=\"fa fa-check thim-primary-color\"><\/i>Wifi<\/li>\n<li><i class=\"fa fa-check thim-primary-color\"><\/i>Klimaanlage<\/li>\n<li><i class=\"fa fa-check thim-primary-color\"><\/i>Privates WC und TV<\/li>\n<\/ul>\n<p>[\/vc_column_text][\/vc_column_inner][vc_column_inner width=&#8220;1\/2&#8243;][vc_column_text]<\/p>\n<ul class=\"thim-list\" style=\"font-size: 20px; line-height: 27px; font-weight: 400;\">\n<li><i class=\"fa fa-check thim-primary-color\"><\/i>Gute lage<\/li>\n<li><i class=\"fa fa-check thim-primary-color\"><\/i>Nah an Juder\u00eda, Mezquita-Catedral, Ba\u00f1os \u00e1rabes, etc.<\/li>\n<li><i class=\"fa fa-check thim-primary-color\"><\/i>9,4 \/10 in Booking<\/li>\n<li><i class=\"fa fa-check thim-primary-color\"><\/i>4,5\/5 in Tripadvisor<\/li>\n<\/ul>\n<p>[\/vc_column_text][\/vc_column_inner][\/vc_row_inner][\/vc_column][\/vc_row][vc_row][vc_column][vc_masonry_media_grid element_width=&#8220;3&#8243; grid_id=&#8220;vc_gid:1509619650765-8d01864d-a5de-5&#8243; include=&#8220;4027,4019,4025,4024,4031,4022,3989,4018,4030,4020,4021,4026,4029,3984,3979,4032,3977,3982,3963,4023,3972,4028,3958,3685,4033&#8243;][\/vc_column][\/vc_row]<\/p>\n<\/div>","protected":false},"excerpt":{"rendered":"<p>[vc_row][vc_column][vc_empty_space height=&#8220;45px&#8220;][vc_empty_space height=&#8220;25px&#8220;][\/vc_column][\/vc_row][vc_row css=&#8220;.vc_custom_1476086385327{margin-bottom: 20px !important;}&#8220;][vc_column width=&#8220;1\/2&#8243;][vc_wp_text el_class=&#8220;line-height-normal&#8220;]Es wurde im Oktober 2009 er\u00f6ffnet und befindet sich im Herrenhaus eingerichtet, das vom Kulturministerium der Junta de Andaluc\u00eda als Kulturgut katalogisiert und in den Katalog des besonderen Schutzes der Stadt C\u00f3rdoba aufgenommen wurde, einer Stadt, die von der UNESCO als Weltkulturerbe anerkannt&#8230;<\/p>\n","protected":false},"author":3,"featured_media":0,"parent":0,"menu_order":0,"comment_status":"closed","ping_status":"closed","template":"","meta":{"footnotes":""},"class_list":["post-3931","page","type-page","status-publish","hentry"],"_links":{"self":[{"href":"https:\/\/www.hotelcondedecardenas.com\/de\/wp-json\/wp\/v2\/pages\/3931","targetHints":{"allow":["GET"]}}],"collection":[{"href":"https:\/\/www.hotelcondedecardenas.com\/de\/wp-json\/wp\/v2\/pages"}],"about":[{"href":"https:\/\/www.hotelcondedecardenas.com\/de\/wp-json\/wp\/v2\/types\/page"}],"author":[{"embeddable":true,"href":"https:\/\/www.hotelcondedecardenas.com\/de\/wp-json\/wp\/v2\/users\/3"}],"replies":[{"embeddable":true,"href":"https:\/\/www.hotelcondedecardenas.com\/de\/wp-json\/wp\/v2\/comments?post=3931"}],"version-history":[{"count":17,"href":"https:\/\/www.hotelcondedecardenas.com\/de\/wp-json\/wp\/v2\/pages\/3931\/revisions"}],"predecessor-version":[{"id":4125,"href":"https:\/\/www.hotelcondedecardenas.com\/de\/wp-json\/wp\/v2\/pages\/3931\/revisions\/4125"}],"wp:attachment":[{"href":"https:\/\/www.hotelcondedecardenas.com\/de\/wp-json\/wp\/v2\/media?parent=3931"}],"curies":[{"name":"wp","href":"https:\/\/api.w.org\/{rel}","templated":true}]}}