{"id":111,"date":"2016-09-30T10:20:18","date_gmt":"2016-09-30T03:20:18","guid":{"rendered":"http:\/\/hotelwp.thimpress.com\/hotelwp-2\/?page_id=111"},"modified":"2024-02-14T22:39:33","modified_gmt":"2024-02-14T22:39:33","slug":"home-2","status":"publish","type":"page","link":"https:\/\/www.hotelcondedecardenas.com\/de\/","title":{"rendered":"Home 2"},"content":{"rendered":"<div class=\"wpb-content-wrapper\"><p>[vc_row full_width=&#8220;stretch_row_content_no_spaces&#8220; el_class=&#8220;home-2-position&#8220;][vc_column]\n\t\t\t<!-- START Home 2 REVOLUTION SLIDER 6.6.20 --><p class=\"rs-p-wp-fix\"><\/p>\n\t\t\t<rs-module-wrap id=\"rev_slider_2_1_wrapper\" data-source=\"gallery\" style=\"visibility:hidden;background:#FFFFFF;padding:0;margin:0px auto;margin-top:0;margin-bottom:0;\">\n\t\t\t\t<rs-module id=\"rev_slider_2_1\" style=\"\" data-version=\"6.6.20\">\n\t\t\t\t\t<rs-slides style=\"overflow: hidden; position: absolute;\">\n\t\t\t\t\t\t<rs-slide style=\"position: absolute;\" data-key=\"rs-5\" data-title=\"Slide\" data-thumb=\"\/\/www.hotelcondedecardenas.com\/wp-content\/uploads\/2017\/11\/patio-hotel2-100x50.jpg\" data-anim=\"ms:600;r:0;\" data-in=\"o:0;\" data-out=\"a:false;\">\n\t\t\t\t\t\t\t<img decoding=\"async\" src=\"\/\/www.hotelcondedecardenas.com\/wp-content\/plugins\/revslider\/public\/assets\/assets\/dummy.png\" alt=\"\" title=\"Home 2\" class=\"rev-slidebg tp-rs-img rs-lazyload\" data-lazyload=\"\/\/www.hotelcondedecardenas.com\/wp-content\/uploads\/2017\/11\/patio-hotel2.jpg\" data-no-retina>\n<!--\n\t\t\t\t\t\t\t--><h1\n\t\t\t\t\t\t\t\tid=\"slider-2-slide-5-layer-1\" \n\t\t\t\t\t\t\t\tclass=\"rs-layer\"\n\t\t\t\t\t\t\t\tdata-type=\"text\"\n\t\t\t\t\t\t\t\tdata-color=\"rgba(255, 255, 255, 1)\"\n\t\t\t\t\t\t\t\tdata-rsp_ch=\"on\"\n\t\t\t\t\t\t\t\tdata-xy=\"x:c;y:m;yo:-91px,-91px,-60px,-30px;\"\n\t\t\t\t\t\t\t\tdata-text=\"s:64,64,45,26;l:70,70,25,25;fw:400,400,400,700;a:center;\"\n\t\t\t\t\t\t\t\tdata-frame_0=\"x:ran(-250|250);y:ran(-150|150);sX:ran(0|1);sY:ran(0|1);rX:ran(-90|90);rY:ran(-90|90);rZ:ran(-360|360);tp:600;\"\n\t\t\t\t\t\t\t\tdata-frame_1=\"tp:600;st:300;sp:1500;sR:300;\"\n\t\t\t\t\t\t\t\tdata-frame_999=\"o:0;tp:600;e:power2.in;st:w;sp:100;sR:7200.0006103516;\"\n\t\t\t\t\t\t\t\tstyle=\"z-index:5;font-family:'Roboto';\"\n\t\t\t\t\t\t\t><div style=\"text-shadow:2px 2px 2px rgba(150, 150, 150, 1);\">Im historischen<br> Zentrum der Stadt<\/div> \n\t\t\t\t\t\t\t<\/h1><!--\n-->\t\t\t\t\t\t<\/rs-slide>\n\t\t\t\t\t\t<rs-slide style=\"position: absolute;\" data-key=\"rs-4\" data-title=\"Slide\" data-thumb=\"\/\/www.hotelcondedecardenas.com\/wp-content\/uploads\/2017\/06\/banner02-100x50.jpg\" data-anim=\"ms:600;r:0;\" data-in=\"o:0;\" data-out=\"a:false;\">\n\t\t\t\t\t\t\t<img decoding=\"async\" src=\"\/\/www.hotelcondedecardenas.com\/wp-content\/plugins\/revslider\/public\/assets\/assets\/dummy.png\" alt=\"\" title=\"Home 2\" class=\"rev-slidebg tp-rs-img rs-lazyload\" data-lazyload=\"\/\/www.hotelcondedecardenas.com\/wp-content\/uploads\/2017\/06\/banner02.jpg\" data-no-retina>\n<!--\n\t\t\t\t\t\t\t--><h1\n\t\t\t\t\t\t\t\tid=\"slider-2-slide-4-layer-1\" \n\t\t\t\t\t\t\t\tclass=\"rs-layer\"\n\t\t\t\t\t\t\t\tdata-type=\"text\"\n\t\t\t\t\t\t\t\tdata-color=\"rgba(255, 255, 255, 1)\"\n\t\t\t\t\t\t\t\tdata-rsp_ch=\"on\"\n\t\t\t\t\t\t\t\tdata-xy=\"x:c;y:m;yo:-91px,-91px,-59px,-30px;\"\n\t\t\t\t\t\t\t\tdata-text=\"s:64,64,45,26;l:70,70,25,25;fw:400,400,400,700;a:center;\"\n\t\t\t\t\t\t\t\tdata-frame_0=\"y:50px;tp:600;\"\n\t\t\t\t\t\t\t\tdata-frame_1=\"tp:600;st:900;sp:1500;sR:900;\"\n\t\t\t\t\t\t\t\tdata-frame_999=\"y:-50px;o:0;tp:600;e:nothing;st:w;sp:100;sR:6600.0006103516;\"\n\t\t\t\t\t\t\t\tstyle=\"z-index:5;font-family:'Roboto';\"\n\t\t\t\t\t\t\t>WC mit Marmor<br> erster Qualit\u00e4t \n\t\t\t\t\t\t\t<\/h1><!--\n-->\t\t\t\t\t\t<\/rs-slide>\n\t\t\t\t\t\t<rs-slide style=\"position: absolute;\" data-key=\"rs-6\" data-title=\"Slide\" data-thumb=\"\/\/www.hotelcondedecardenas.com\/wp-content\/uploads\/2017\/06\/banner03-100x50.jpg\" data-anim=\"ms:600;r:0;\" data-in=\"o:0;\" data-out=\"a:false;\">\n\t\t\t\t\t\t\t<img decoding=\"async\" src=\"\/\/www.hotelcondedecardenas.com\/wp-content\/plugins\/revslider\/public\/assets\/assets\/dummy.png\" alt=\"\" title=\"Home 2\" class=\"rev-slidebg tp-rs-img rs-lazyload\" data-lazyload=\"\/\/www.hotelcondedecardenas.com\/wp-content\/uploads\/2017\/06\/banner03.jpg\" data-no-retina>\n<!--\n\t\t\t\t\t\t\t--><h1\n\t\t\t\t\t\t\t\tid=\"slider-2-slide-6-layer-1\" \n\t\t\t\t\t\t\t\tclass=\"rs-layer\"\n\t\t\t\t\t\t\t\tdata-type=\"text\"\n\t\t\t\t\t\t\t\tdata-color=\"rgba(255, 255, 255, 1)\"\n\t\t\t\t\t\t\t\tdata-rsp_ch=\"on\"\n\t\t\t\t\t\t\t\tdata-xy=\"x:c;xo:1px,1px,0,0;y:m;yo:-91px,-61px,-60px,-30px;\"\n\t\t\t\t\t\t\t\tdata-text=\"s:64,56,38,24;l:70,25,25,25;fw:400,400,700,700;a:center;\"\n\t\t\t\t\t\t\t\tdata-frame_0=\"o:1;tp:600;\"\n\t\t\t\t\t\t\t\tdata-frame_0_chars=\"d:5;y:100%;o:1;rZ:-35deg;\"\n\t\t\t\t\t\t\t\tdata-frame_0_mask=\"u:t;\"\n\t\t\t\t\t\t\t\tdata-frame_1=\"tp:600;e:power4.inOut;st:300;sp:2000;sR:300;\"\n\t\t\t\t\t\t\t\tdata-frame_1_chars=\"d:5;\"\n\t\t\t\t\t\t\t\tdata-frame_1_mask=\"u:t;\"\n\t\t\t\t\t\t\t\tdata-frame_999=\"o:0;tp:600;e:power2.in;st:w;sp:100;sR:1150.0006103516;\"\n\t\t\t\t\t\t\t\tstyle=\"z-index:5;font-family:'Roboto';\"\n\t\t\t\t\t\t\t>Zimmer von<br>k\u00fcnstlern dekoriert \n\t\t\t\t\t\t\t<\/h1><!--\n-->\t\t\t\t\t\t<\/rs-slide>\n\t\t\t\t\t<\/rs-slides>\n\t\t\t\t<\/rs-module>\n\t\t\t\t<script>\n\t\t\t\t\tsetREVStartSize({c: 'rev_slider_2_1',rl:[1290,1024,778,480],el:[700,600,500,400],gw:[1920,1024,778,480],gh:[700,600,500,400],type:'standard',justify:'',layout:'fullwidth',mh:\"0\"});if (window.RS_MODULES!==undefined && window.RS_MODULES.modules!==undefined && window.RS_MODULES.modules[\"revslider21\"]!==undefined) {window.RS_MODULES.modules[\"revslider21\"].once = false;window.revapi2 = undefined;if (window.RS_MODULES.checkMinimal!==undefined) window.RS_MODULES.checkMinimal()}\n\t\t\t\t<\/script>\n\t\t\t<\/rs-module-wrap>\n\t\t\t<!-- END REVOLUTION SLIDER -->\n[\/vc_column][\/vc_row][vc_row][vc_column][vc_empty_space height=&#8220;95px&#8220;]\n\t<div class=\"thim-sc-heading  \" >\n\t\t<div class=\"article_heading \">\n\t\t\t<p class=\"heading_primary\"  >Bienvenido a<\/p>\n\t\t\t<h3  class=\"heading_secondary\">HOTEL CONDE DE C\u00c1RDENAS<\/h3>\n\t\t\t \n\t\t\t\n\t\t<\/div>\n\t<\/div>[vc_empty_space height=&#8220;20px&#8220;][\/vc_column][\/vc_row][vc_row][vc_column width=&#8220;1\/2&#8243;][vc_column_text css=&#8220;.vc_custom_1501519044212{padding-right: 55px !important;}&#8220; el_class=&#8220;line-height-normal&#8220;]Inaugurado en Octubre de 2009, se ubica en Casa Se\u00f1orial, catalogada como Bien Cultural por la Consejer\u00eda de Cultura de la Junta de Andaluc\u00eda, e inscrita dentro del Cat\u00e1logo de Protecci\u00f3n Especial del Ayuntamiento de C\u00f3rdoba, ciudad reconocida por la UNESCO como Patrimonio de la Humanidad.[\/vc_column_text][\/vc_column][vc_column width=&#8220;1\/2&#8243;][vc_column_text css=&#8220;.vc_custom_1501519156516{padding-right: 55px !important;}&#8220; el_class=&#8220;line-height-normal&#8220;]Situado en pleno centro cultural, financiero y comercial, a 2 minutos del Casco Hist\u00f3rico (Juder\u00eda, Mezquita Catedral, Alc\u00e1zar de los Reyes Cristianos, Caballerizas Reales, Palacio de Congresos, etc.)<\/p>\n<p>Conjuga la belleza de sus soler\u00edas pintadas a mano, m\u00e1rmoles de importaci\u00f3n de primer\u00edsima calidad, manteniendo la soler\u00eda hidr\u00e1ulica original, con los avances en nuevas tecnolog\u00edas para mayor comodidad y confort.[\/vc_column_text][\/vc_column][\/vc_row][vc_row][vc_column][vc_empty_space height=&#8220;60px&#8220;][\/vc_column][\/vc_row][vc_row full_width=&#8220;stretch_row_content_no_spaces&#8220; el_class=&#8220;no-fill-sm category-group&#8220;][vc_column width=&#8220;1\/3&#8243;]\n        <div class=\"thim-sc-categories-link  \">\n            <div class=\"content\">\n                <img decoding=\"async\" src=\"https:\/\/www.hotelcondedecardenas.com\/wp-content\/uploads\/2016\/09\/habitacion.jpg\" alt=\"habitacion\" \/>\n                <h4 class=\"categories-title  has-line\" style=\"color: #ffffff;font-size: 30px;\">Habitaciones<\/h4>\n                <a class=\"categories-link\" href=\"http:\/\/www.hotelcondedecardenas.com\/habitaciones\"><\/a>\n            <\/div>\n        <\/div>\n    [\/vc_column][vc_column width=&#8220;1\/3&#8243;]\n        <div class=\"thim-sc-categories-link  \">\n            <div class=\"content\">\n                <img decoding=\"async\" src=\"https:\/\/www.hotelcondedecardenas.com\/wp-content\/uploads\/2016\/09\/zonas-comunes.jpg\" alt=\"zonas-comunes\" \/>\n                <h4 class=\"categories-title  has-line\" style=\"color: #ffffff;font-size: 30px;\">El Hotel<\/h4>\n                <a class=\"categories-link\" href=\"http:\/\/www.hotelcondedecardenas.com\/hotel\/\"><\/a>\n            <\/div>\n        <\/div>\n    [\/vc_column][vc_column width=&#8220;1\/3&#8243;]\n        <div class=\"thim-sc-categories-link  \">\n            <div class=\"content\">\n                <img decoding=\"async\" src=\"https:\/\/www.hotelcondedecardenas.com\/wp-content\/uploads\/2016\/09\/mezquita.jpg\" alt=\"mezquita\" \/>\n                <h4 class=\"categories-title  has-line\" style=\"color: #ffffff;font-size: 30px;\">Conoce C\u00f3rdoba<\/h4>\n                <a class=\"categories-link\" href=\"http:\/\/www.turismodecordoba.org\/\"><\/a>\n            <\/div>\n        <\/div>\n    [\/vc_column][\/vc_row][vc_row][vc_column][vc_empty_space height=&#8220;95px&#8220;][\/vc_column][vc_column width=&#8220;3\/4&#8243;]\n\t<div class=\"thim-sc-heading  \" >\n\t\t<div class=\"article_heading \">\n\t\t\t<p class=\"heading_primary\"  >VISITA<\/p>\n\t\t\t<h3  class=\"heading_secondary\">NUESTRAS HABITACIONES<\/h3>\n\t\t\t \n\t\t\t\n\t\t<\/div>\n\t<\/div>[\/vc_column][vc_column width=&#8220;1\/4&#8243;]\n\t<div class=\"thim-sc-heading  \" style = text-align:right; >\n\t\t<div class=\"article_heading \">\n\t\t\t\n\t\t\t\n\t\t\t \n\t\t\t<div class=\"heading-button\"><a href=\"http:\/\/www.hotelcondedecardenas.com\/habitaciones\/\"><i class=\"icomoon icon-up\"><\/i>ver todas<\/a><\/div>\n\t\t<\/div>\n\t<\/div>[\/vc_column][\/vc_row][vc_row][vc_column width=&#8220;1\/3&#8243;][vc_single_image image=&#8220;3963&#8243; img_size=&#8220;full&#8220; onclick=&#8220;custom_link&#8220; link=&#8220;http:\/\/www.hotelcondedecardenas.com\/habitaciones\/dona-clara\/&#8220;]\n\t<div class=\"thim-sc-heading  \" style = text-align:right; >\n\t\t<div class=\"article_heading no-line\">\n\t\t\t<p class=\"heading_primary\" style=\"color: #000000;\" >DO\u00d1A CLARA<\/p>\n\t\t\t\n\t\t\t \n\t\t\t<div class=\"heading-button\"><a href=\"http:\/\/www.hotelcondedecardenas.com\/habitaciones\/dona-clara\/\"><i class=\"icomoon icon-up\"><\/i>ver habitaci\u00f3n<\/a><\/div>\n\t\t<\/div>\n\t<\/div>[\/vc_column][vc_column width=&#8220;1\/3&#8243;][vc_single_image image=&#8220;3977&#8243; img_size=&#8220;full&#8220; onclick=&#8220;custom_link&#8220; link=&#8220;http:\/\/www.hotelcondedecardenas.com\/habitaciones\/dona-soledad\/&#8220;]\n\t<div class=\"thim-sc-heading  \" style = text-align:right; >\n\t\t<div class=\"article_heading no-line\">\n\t\t\t<p class=\"heading_primary\" style=\"color: #000000;\" >DO\u00d1A SOLEDAD<\/p>\n\t\t\t\n\t\t\t \n\t\t\t<div class=\"heading-button\"><a href=\"http:\/\/www.hotelcondedecardenas.com\/habitaciones\/dona-soledad\/\"><i class=\"icomoon icon-up\"><\/i>ver habitaci\u00f3n<\/a><\/div>\n\t\t<\/div>\n\t<\/div>[\/vc_column][vc_column width=&#8220;1\/3&#8243;][vc_single_image image=&#8220;3982&#8243; img_size=&#8220;full&#8220; onclick=&#8220;custom_link&#8220; link=&#8220;http:\/\/www.hotelcondedecardenas.com\/habitaciones\/dona-victoria\/&#8220;]\n\t<div class=\"thim-sc-heading  \" style = text-align:right; >\n\t\t<div class=\"article_heading no-line\">\n\t\t\t<p class=\"heading_primary\" style=\"color: #000000;\" >DO\u00d1A VICTORIA<\/p>\n\t\t\t\n\t\t\t \n\t\t\t<div class=\"heading-button\"><a href=\"http:\/\/www.hotelcondedecardenas.com\/habitaciones\/dona-victoria\/\"><i class=\"icomoon icon-up\"><\/i>ver habitaci\u00f3n<\/a><\/div>\n\t\t<\/div>\n\t<\/div>[\/vc_column][\/vc_row][vc_row][vc_column][vc_empty_space][\/vc_column][\/vc_row]<\/p>\n<\/div>","protected":false},"excerpt":{"rendered":"<p>[vc_row full_width=&#8220;stretch_row_content_no_spaces&#8220; el_class=&#8220;home-2-position&#8220;][vc_column][\/vc_column][\/vc_row][vc_row][vc_column][vc_empty_space height=&#8220;95px&#8220;][vc_empty_space height=&#8220;20px&#8220;][\/vc_column][\/vc_row][vc_row][vc_column width=&#8220;1\/2&#8243;][vc_column_text css=&#8220;.vc_custom_1501519044212{padding-right: 55px !important;}&#8220; el_class=&#8220;line-height-normal&#8220;]Inaugurado en Octubre de 2009, se ubica en Casa Se\u00f1orial, catalogada como Bien Cultural por la Consejer\u00eda de Cultura de la Junta de Andaluc\u00eda, e inscrita dentro del Cat\u00e1logo de Protecci\u00f3n Especial del Ayuntamiento de C\u00f3rdoba, ciudad reconocida por la UNESCO&#8230;<\/p>\n","protected":false},"author":3,"featured_media":0,"parent":0,"menu_order":0,"comment_status":"closed","ping_status":"closed","template":"templates\/home-page.php","meta":{"footnotes":""},"class_list":["post-111","page","type-page","status-publish","hentry"],"_links":{"self":[{"href":"https:\/\/www.hotelcondedecardenas.com\/de\/wp-json\/wp\/v2\/pages\/111","targetHints":{"allow":["GET"]}}],"collection":[{"href":"https:\/\/www.hotelcondedecardenas.com\/de\/wp-json\/wp\/v2\/pages"}],"about":[{"href":"https:\/\/www.hotelcondedecardenas.com\/de\/wp-json\/wp\/v2\/types\/page"}],"author":[{"embeddable":true,"href":"https:\/\/www.hotelcondedecardenas.com\/de\/wp-json\/wp\/v2\/users\/3"}],"replies":[{"embeddable":true,"href":"https:\/\/www.hotelcondedecardenas.com\/de\/wp-json\/wp\/v2\/comments?post=111"}],"version-history":[{"count":34,"href":"https:\/\/www.hotelcondedecardenas.com\/de\/wp-json\/wp\/v2\/pages\/111\/revisions"}],"predecessor-version":[{"id":4233,"href":"https:\/\/www.hotelcondedecardenas.com\/de\/wp-json\/wp\/v2\/pages\/111\/revisions\/4233"}],"wp:attachment":[{"href":"https:\/\/www.hotelcondedecardenas.com\/de\/wp-json\/wp\/v2\/media?parent=111"}],"curies":[{"name":"wp","href":"https:\/\/api.w.org\/{rel}","templated":true}]}}